{"id":44795,"date":"2017-10-13T10:29:56","date_gmt":"2017-10-13T08:29:56","guid":{"rendered":"https:\/\/www.morh.hr\/?page_id=44795"},"modified":"2017-10-18T15:13:25","modified_gmt":"2017-10-18T13:13:25","slug":"branko-vukelic-12-01-2008-29-12-2010","status":"publish","type":"page","link":"https:\/\/www.morh.hr\/en\/about-us\/branko-vukelic-12-01-2008-29-12-2010\/","title":{"rendered":"Branko Vukeli\u0107 (12.01.2008.-29.12.2010.)"},"content":{"rendered":"<p><img loading=\"lazy\" decoding=\"async\" class=\"alignnone size-full wp-image-67\" src=\"https:\/\/www.morh.hr\/wp-content\/uploads\/2008\/03\/vukelic.jpg\" alt=\"Ministar obrane Branko Vukeli\u0107\" width=\"217\" height=\"258\"><\/p>\n<h3>Personal data<\/h3>\n<ul>\n<li>Born on March 9, 1958 in Karlovac<\/li>\n<li>Married with \u0110ur\u0111ica Vukeli\u0107<\/li>\n<li>One son<\/li>\n<\/ul>\n<h3>Education<\/h3>\n<ul>\n<li>1981 &#8211; graduated from the Faculty of Electrical Engineering, University of Zagreb<\/li>\n<\/ul>\n<h3>Professional career<\/h3>\n<ul>\n<li>1991-1997 &#8211; Manager of INA &#8211; Branch office Karlovac<\/li>\n<li>1982-1990 &#8211; Project engineer in an engineering office, chief of preparation and installation in the company EAB Karlovac<\/li>\n<\/ul>\n<h3>Political career<\/h3>\n<ul>\n<li>January 2008 &#8211; 2010 Minister of Defence<\/li>\n<li>December 2003 &#8211; appointed Minister of Economy, Labour and Entrepreneurship<\/li>\n<li>June 2002 &#8211; Croatian Democratic Union (CDU), General Secretary<\/li>\n<li>March 2002 &#8211; Karlovac County CDU Committee, President<\/li>\n<li>since 2001- Karlovac City Council member<\/li>\n<li>1997-2001 &#8211; Mayor of the City of Karlovac<\/li>\n<li>1993-1997 \u2013 Karlovac City Council member<\/li>\n<li>since 1993 \u2013 Karlovac City CDU Committee, President<\/li>\n<\/ul>\n<h3>Foreign languages<\/h3>\n<ul>\n<li>English<\/li>\n<\/ul>\n<h3>Hobbies<\/h3>\n<ul>\n<li>Football, horticulture, music<\/li>\n<\/ul>\n<h3>Former Defence Minister:<\/h3>\n<ol>\n<li><a href=\"https:\/\/www.morh.hr\/en\/about-us\/defence-minister-of-the-republic-of-croatia-josip-buljevic\/\">Defence Minister of the Republic of Croatia Josip Buljevi\u0107 (22 January 2016 &#8211; 20 October 2016)<\/a><\/li>\n<li><a href=\"https:\/\/www.morh.hr\/en\/about-us\/minister-of-defence-ante-kotromanovic-23-12-2011-23-1-2016\/\">Ante Kotromanovic (23 December 2011 22 January 2016)<\/a><\/li>\n<li><a href=\"https:\/\/www.morh.hr\/en\/about-us\/minister-of-defence-ph-d-davor-bozinovic-29-12-2010-23-12-2011\/\">Davor Bozinovic (29. December 2010 &#8211; 23. December 2011)<\/a><\/li>\n<li><a href=\"https:\/\/www.morh.hr\/en\/about-us\/branko-vukelic-12-01-2008-29-12-2010\/\">Branko Vukelic (12 January 2008-29 December 2010)<\/a><\/li>\n<li>Berislav Roncevic (23 December 2003 -12 January 2008)<\/li>\n<li>Zeljka Antunovic (30 July 2002 &#8211; 23 December 2003)<\/li>\n<li>Jozo Rados (28 January 2000-30 July 2002)<\/li>\n<li>Paul Miljavac (14October 1998 to 27 January 2000)<\/li>\n<li>Andrija Hebrang (14 May 1998 to 12 October 1998)<\/li>\n<li>Gojko Susak (18 September 1991 &#8211; 3 May 1998)<\/li>\n<li>Luka Bebic (31 July 1991 &#8211; 18 September 1991)<\/li>\n<li>Sime Djodan (02 July 1991 &#8211; 31 July 1991)<\/li>\n<li>Martin Spegelj (24 August 1990 &#8211; 02 July 1991)<\/li>\n<li>mr. Peter Kriste (31 May 1990 &#8211; 24 August 1990)<\/li>\n<\/ol>\n","protected":false},"excerpt":{"rendered":"<p>Personal data Born on March 9, 1958 in Karlovac Married with \u0110ur\u0111ica Vukeli\u0107 One son Education 1981 &#8211; graduated from the Faculty of Electrical Engineering, University of Zagreb Professional career 1991-1997 &#8211; Manager of INA &#8211; Branch office Karlovac 1982-1990 &#8211; Project engineer in an engineering office, chief of preparation and installation in the company [&hellip;]<\/p>\n","protected":false},"author":1,"featured_media":253079,"parent":44781,"menu_order":0,"comment_status":"closed","ping_status":"closed","template":"","meta":{"_acf_changed":false,"_monsterinsights_skip_tracking":false,"_monsterinsights_sitenote_active":false,"_monsterinsights_sitenote_note":"","_monsterinsights_sitenote_category":0,"footnotes":""},"class_list":["post-44795","page","type-page","status-publish","has-post-thumbnail","hentry"],"acf":[],"yoast_head":"<!-- This site is optimized with the Yoast SEO plugin v26.9 - https:\/\/yoast.com\/product\/yoast-seo-wordpress\/ -->\n<title>Branko Vukeli\u0107 (12.01.2008.-29.12.2010.) - MORH<\/title>\n<meta name=\"description\" content=\"Personal data Born on March 9, 1958 in Karlovac Married with \u0110ur\u0111ica Vukeli\u0107 One son Education 1981 - graduated from the Faculty of Electrical\" \/>\n<meta name=\"robots\" content=\"index, follow, max-snippet:-1, max-image-preview:large, max-video-preview:-1\" \/>\n<link rel=\"canonical\" href=\"https:\/\/www.morh.hr\/en\/about-us\/branko-vukelic-12-01-2008-29-12-2010\/\" \/>\n<meta property=\"og:locale\" content=\"en_US\" \/>\n<meta property=\"og:type\" content=\"article\" \/>\n<meta property=\"og:title\" content=\"Branko Vukeli\u0107 (12.01.2008.-29.12.2010.) - MORH\" \/>\n<meta property=\"og:description\" content=\"Personal data Born on March 9, 1958 in Karlovac Married with \u0110ur\u0111ica Vukeli\u0107 One son Education 1981 - graduated from the Faculty of Electrical\" \/>\n<meta property=\"og:url\" content=\"https:\/\/www.morh.hr\/en\/about-us\/branko-vukelic-12-01-2008-29-12-2010\/\" \/>\n<meta property=\"og:site_name\" content=\"MORH\" \/>\n<meta property=\"article:publisher\" content=\"https:\/\/www.facebook.com\/sportasiuhrvatskojvojsci\/\" \/>\n<meta property=\"article:modified_time\" content=\"2017-10-18T13:13:25+00:00\" \/>\n<meta property=\"og:image\" content=\"https:\/\/www.morh.hr\/wp-content\/uploads\/2008\/03\/vukelic.jpg\" \/>\n<meta name=\"twitter:card\" content=\"summary_large_image\" \/>\n<meta name=\"twitter:site\" content=\"@morh_osrh\" \/>\n<meta name=\"twitter:label1\" content=\"Est. reading time\" \/>\n\t<meta name=\"twitter:data1\" content=\"1 minute\" \/>\n<script type=\"application\/ld+json\" class=\"yoast-schema-graph\">{\"@context\":\"https:\/\/schema.org\",\"@graph\":[{\"@type\":\"WebPage\",\"@id\":\"https:\/\/www.morh.hr\/en\/about-us\/branko-vukelic-12-01-2008-29-12-2010\/\",\"url\":\"https:\/\/www.morh.hr\/en\/about-us\/branko-vukelic-12-01-2008-29-12-2010\/\",\"name\":\"Branko Vukeli\u0107 (12.01.2008.-29.12.2010.) - MORH\",\"isPartOf\":{\"@id\":\"https:\/\/www.morh.hr\/en\/#website\"},\"primaryImageOfPage\":{\"@id\":\"https:\/\/www.morh.hr\/en\/about-us\/branko-vukelic-12-01-2008-29-12-2010\/#primaryimage\"},\"image\":{\"@id\":\"https:\/\/www.morh.hr\/en\/about-us\/branko-vukelic-12-01-2008-29-12-2010\/#primaryimage\"},\"thumbnailUrl\":\"https:\/\/www.morh.hr\/wp-content\/uploads\/2025\/04\/mo-branko-vukelic-600x450-1.jpg\",\"datePublished\":\"2017-10-13T08:29:56+00:00\",\"dateModified\":\"2017-10-18T13:13:25+00:00\",\"description\":\"Personal data Born on March 9, 1958 in Karlovac Married with \u0110ur\u0111ica Vukeli\u0107 One son Education 1981 - graduated from the Faculty of Electrical\",\"breadcrumb\":{\"@id\":\"https:\/\/www.morh.hr\/en\/about-us\/branko-vukelic-12-01-2008-29-12-2010\/#breadcrumb\"},\"inLanguage\":\"en-US\",\"potentialAction\":[{\"@type\":\"ReadAction\",\"target\":[\"https:\/\/www.morh.hr\/en\/about-us\/branko-vukelic-12-01-2008-29-12-2010\/\"]}]},{\"@type\":\"ImageObject\",\"inLanguage\":\"en-US\",\"@id\":\"https:\/\/www.morh.hr\/en\/about-us\/branko-vukelic-12-01-2008-29-12-2010\/#primaryimage\",\"url\":\"https:\/\/www.morh.hr\/wp-content\/uploads\/2025\/04\/mo-branko-vukelic-600x450-1.jpg\",\"contentUrl\":\"https:\/\/www.morh.hr\/wp-content\/uploads\/2025\/04\/mo-branko-vukelic-600x450-1.jpg\",\"width\":600,\"height\":450},{\"@type\":\"BreadcrumbList\",\"@id\":\"https:\/\/www.morh.hr\/en\/about-us\/branko-vukelic-12-01-2008-29-12-2010\/#breadcrumb\",\"itemListElement\":[{\"@type\":\"ListItem\",\"position\":1,\"name\":\"Naslovnica\",\"item\":\"https:\/\/www.morh.hr\/en\/\"},{\"@type\":\"ListItem\",\"position\":2,\"name\":\"About us\",\"item\":\"https:\/\/www.morh.hr\/en\/about-us\/\"},{\"@type\":\"ListItem\",\"position\":3,\"name\":\"Branko Vukeli\u0107 (12.01.2008.-29.12.2010.)\"}]},{\"@type\":\"WebSite\",\"@id\":\"https:\/\/www.morh.hr\/en\/#website\",\"url\":\"https:\/\/www.morh.hr\/en\/\",\"name\":\"MORH\",\"description\":\"Ministarstvo obrane Republike Hrvatske - slu\u017ebene stranice\",\"potentialAction\":[{\"@type\":\"SearchAction\",\"target\":{\"@type\":\"EntryPoint\",\"urlTemplate\":\"https:\/\/www.morh.hr\/en\/?s={search_term_string}\"},\"query-input\":{\"@type\":\"PropertyValueSpecification\",\"valueRequired\":true,\"valueName\":\"search_term_string\"}}],\"inLanguage\":\"en-US\"}]}<\/script>\n<!-- \/ Yoast SEO plugin. -->","yoast_head_json":{"title":"Branko Vukeli\u0107 (12.01.2008.-29.12.2010.) - MORH","description":"Personal data Born on March 9, 1958 in Karlovac Married with \u0110ur\u0111ica Vukeli\u0107 One son Education 1981 - graduated from the Faculty of Electrical","robots":{"index":"index","follow":"follow","max-snippet":"max-snippet:-1","max-image-preview":"max-image-preview:large","max-video-preview":"max-video-preview:-1"},"canonical":"https:\/\/www.morh.hr\/en\/about-us\/branko-vukelic-12-01-2008-29-12-2010\/","og_locale":"en_US","og_type":"article","og_title":"Branko Vukeli\u0107 (12.01.2008.-29.12.2010.) - MORH","og_description":"Personal data Born on March 9, 1958 in Karlovac Married with \u0110ur\u0111ica Vukeli\u0107 One son Education 1981 - graduated from the Faculty of Electrical","og_url":"https:\/\/www.morh.hr\/en\/about-us\/branko-vukelic-12-01-2008-29-12-2010\/","og_site_name":"MORH","article_publisher":"https:\/\/www.facebook.com\/sportasiuhrvatskojvojsci\/","article_modified_time":"2017-10-18T13:13:25+00:00","og_image":[{"url":"https:\/\/www.morh.hr\/wp-content\/uploads\/2008\/03\/vukelic.jpg","type":"","width":"","height":""}],"twitter_card":"summary_large_image","twitter_site":"@morh_osrh","twitter_misc":{"Est. reading time":"1 minute"},"schema":{"@context":"https:\/\/schema.org","@graph":[{"@type":"WebPage","@id":"https:\/\/www.morh.hr\/en\/about-us\/branko-vukelic-12-01-2008-29-12-2010\/","url":"https:\/\/www.morh.hr\/en\/about-us\/branko-vukelic-12-01-2008-29-12-2010\/","name":"Branko Vukeli\u0107 (12.01.2008.-29.12.2010.) - MORH","isPartOf":{"@id":"https:\/\/www.morh.hr\/en\/#website"},"primaryImageOfPage":{"@id":"https:\/\/www.morh.hr\/en\/about-us\/branko-vukelic-12-01-2008-29-12-2010\/#primaryimage"},"image":{"@id":"https:\/\/www.morh.hr\/en\/about-us\/branko-vukelic-12-01-2008-29-12-2010\/#primaryimage"},"thumbnailUrl":"https:\/\/www.morh.hr\/wp-content\/uploads\/2025\/04\/mo-branko-vukelic-600x450-1.jpg","datePublished":"2017-10-13T08:29:56+00:00","dateModified":"2017-10-18T13:13:25+00:00","description":"Personal data Born on March 9, 1958 in Karlovac Married with \u0110ur\u0111ica Vukeli\u0107 One son Education 1981 - graduated from the Faculty of Electrical","breadcrumb":{"@id":"https:\/\/www.morh.hr\/en\/about-us\/branko-vukelic-12-01-2008-29-12-2010\/#breadcrumb"},"inLanguage":"en-US","potentialAction":[{"@type":"ReadAction","target":["https:\/\/www.morh.hr\/en\/about-us\/branko-vukelic-12-01-2008-29-12-2010\/"]}]},{"@type":"ImageObject","inLanguage":"en-US","@id":"https:\/\/www.morh.hr\/en\/about-us\/branko-vukelic-12-01-2008-29-12-2010\/#primaryimage","url":"https:\/\/www.morh.hr\/wp-content\/uploads\/2025\/04\/mo-branko-vukelic-600x450-1.jpg","contentUrl":"https:\/\/www.morh.hr\/wp-content\/uploads\/2025\/04\/mo-branko-vukelic-600x450-1.jpg","width":600,"height":450},{"@type":"BreadcrumbList","@id":"https:\/\/www.morh.hr\/en\/about-us\/branko-vukelic-12-01-2008-29-12-2010\/#breadcrumb","itemListElement":[{"@type":"ListItem","position":1,"name":"Naslovnica","item":"https:\/\/www.morh.hr\/en\/"},{"@type":"ListItem","position":2,"name":"About us","item":"https:\/\/www.morh.hr\/en\/about-us\/"},{"@type":"ListItem","position":3,"name":"Branko Vukeli\u0107 (12.01.2008.-29.12.2010.)"}]},{"@type":"WebSite","@id":"https:\/\/www.morh.hr\/en\/#website","url":"https:\/\/www.morh.hr\/en\/","name":"MORH","description":"Ministarstvo obrane Republike Hrvatske - slu\u017ebene stranice","potentialAction":[{"@type":"SearchAction","target":{"@type":"EntryPoint","urlTemplate":"https:\/\/www.morh.hr\/en\/?s={search_term_string}"},"query-input":{"@type":"PropertyValueSpecification","valueRequired":true,"valueName":"search_term_string"}}],"inLanguage":"en-US"}]}},"_links":{"self":[{"href":"https:\/\/www.morh.hr\/en\/wp-json\/wp\/v2\/pages\/44795","targetHints":{"allow":["GET"]}}],"collection":[{"href":"https:\/\/www.morh.hr\/en\/wp-json\/wp\/v2\/pages"}],"about":[{"href":"https:\/\/www.morh.hr\/en\/wp-json\/wp\/v2\/types\/page"}],"author":[{"embeddable":true,"href":"https:\/\/www.morh.hr\/en\/wp-json\/wp\/v2\/users\/1"}],"replies":[{"embeddable":true,"href":"https:\/\/www.morh.hr\/en\/wp-json\/wp\/v2\/comments?post=44795"}],"version-history":[{"count":0,"href":"https:\/\/www.morh.hr\/en\/wp-json\/wp\/v2\/pages\/44795\/revisions"}],"up":[{"embeddable":true,"href":"https:\/\/www.morh.hr\/en\/wp-json\/wp\/v2\/pages\/44781"}],"wp:featuredmedia":[{"embeddable":true,"href":"https:\/\/www.morh.hr\/en\/wp-json\/wp\/v2\/media\/253079"}],"wp:attachment":[{"href":"https:\/\/www.morh.hr\/en\/wp-json\/wp\/v2\/media?parent=44795"}],"curies":[{"name":"wp","href":"https:\/\/api.w.org\/{rel}","templated":true}]}}