{"id":44802,"date":"2025-04-02T08:22:52","date_gmt":"2025-04-02T06:22:52","guid":{"rendered":"https:\/\/www.morh.hr\/?page_id=44802"},"modified":"2025-04-03T15:14:44","modified_gmt":"2025-04-03T13:14:44","slug":"addresses-and-contacts","status":"publish","type":"page","link":"https:\/\/www.morh.hr\/en\/about-us\/addresses-and-contacts\/","title":{"rendered":"Addresses and Contacts"},"content":{"rendered":"<h2>Ministry of Defence<\/h2>\n<p>Headquarters<br \/>\nTrg kralja Petra Kre\u0161imira IV br. 1<br \/>\n10 000 Zagreb<br \/>\nPhone: +385 (1) 4567 111<br \/>\nFax: +385 (1) 4613 310<\/p>\n<hr \/>\n<p><strong>Email address for official correspondence with state administration bodies and electronic official correspondence:<\/strong> <a href=\"mailto:pisarnica@morh.hr\">pisarnica@morh.hr<\/a><\/p>\n<p><strong>Enquiries from citizens<\/strong>: <a href=\"mailto:gradjani@morh.hr\">gradjani@morh.hr<\/a>, phone: +385 (1) 4568 008 or via the <a href=\"https:\/\/www.morh.hr\/o-nama\/pitajte-ministarstvo\/\">contact form<\/a><\/p>\n<p><strong>Media enquiries:<\/strong> <strong>press@morh.hr<\/strong>, phone: +385 (1) 4568 008, +385 (1) 4567 306<\/p>\n<p><strong>Requests for grants from the Croatian Armed Forces and Ministry of Defence:<\/strong> <a href=\"mailto:potpora@morh.hr\">potpora@morh.hr<\/a>, phone: +385 (1) 4568 008, +385 (1) 4568 055<\/p>\n<hr \/>\n<ul>\n<li>\n<h3>Minister&#8217;s Cabinet<\/h3>\n<\/li>\n<\/ul>\n<p style=\"padding-left: 40px;\">Phone: +385 (1) 4567 410<br \/>\n+385 (1) 4567 411<br \/>\nFax: +385 (1) 4613 310<br \/>\nTrg kralja Petra Kre\u0161imira IV 1<br \/>\n10 000 Zagreb<br \/>\nEmail: <a href=\"mailto:kabinet@morh.hr\">kabinet@morh.hr<\/a><\/p>\n<ul>\n<li>\n<h3>State Secretaries<\/h3>\n<\/li>\n<\/ul>\n<p style=\"padding-left: 40px;\">Tomislav Gali\u0107<br \/>\nPhone.: +385 (1) 4568 889<br \/>\nFax.: +385 (1) 4568 405<br \/>\nTrg kralja Petra Kre\u0161imira IV 1<br \/>\n10 000 Zagreb<br \/>\ne-mail: <a href=\"mailto:tomislav.galic@morh.hr\">tomislav.galic@morh.hr<\/a><\/p>\n<p style=\"padding-left: 40px;\">Drago Matanovi\u0107<br \/>\nPhone.: +385 (1) 4567 633<br \/>\nFax.: +385 (1) 4567 041<br \/>\nTrg kralja Petra Kre\u0161imira IV 1<br \/>\n10 000 Zagreb<br \/>\ne-mail: <a href=\"mailto:drago.matanovic@morh.hr\">drago.matanovic@morh.hr<\/a><\/p>\n<p style=\"padding-left: 40px;\">Branko Hrg<br \/>\nPhone: +385 (1) 4568 358,<br \/>\nFax.: +385 (1) 4613 310<br \/>\nTrg kralja Petra Kre\u0161imira IV 1<br \/>\n10000 Zagreb<br \/>\ne-mail: <a href=\"mailto:branko.hrg@morh.hr\">branko.hrg@morh.hr<\/a><\/p>\n<ul>\n<li>\n<h3>Defence Policy Directorate<\/h3>\n<\/li>\n<\/ul>\n<p style=\"padding-left: 40px;\">Dunja Bujan \u0160ujster<br \/>\nHead of Defence Policy Directorate<br \/>\nPhone: +385 (1) 4568 454<br \/>\nFax: +385 (1) 4568 405<br \/>\nTrg kralja Petra Kre\u0161imira IV 1<br \/>\n10 000 Zagreb<br \/>\nEmail: <a href=\"mailto:upravam1@morh.hr\">upravaM1@morh.hr<\/a><\/p>\n<ul>\n<li>\n<h3>Human Resources Directorate<\/h3>\n<\/li>\n<\/ul>\n<p style=\"padding-left: 40px;\">Ivan Ju\u0161i\u0107<br \/>\nHead of Human Resources Directorate<br \/>\nPhone: +385 (1) 4567 639<br \/>\nFax: +385 (1) 4567 081<br \/>\nTrg kralja Petra Kre\u0161imira IV 1<br \/>\n10 000 Zagreb<br \/>\nEmail: <a href=\"mailto:ljudski.potencijali@morh.hr\">ljudski.potencijali@morh.hr<\/a><\/p>\n<ul>\n<li>\n<h3>Material Resources Directorate<\/h3>\n<\/li>\n<\/ul>\n<p style=\"padding-left: 40px;\">Ivica Grebenar<br \/>\nHead of Material Resources Directorate<br \/>\nPhone: +385 (1) 4567 311<br \/>\nFax: +385 (1) 4567 041<br \/>\nTrg kralja Petra Kre\u0161imira IV 1<br \/>\n10 000 Zagreb<br \/>\nEmail: <a href=\"mailto:m3@morh.hr\">m3@morh.hr<\/a><\/p>\n<ul>\n<li>\n<h3>Budget, Finance and Information Systems Directorate<\/h3>\n<\/li>\n<\/ul>\n<p style=\"padding-left: 40px;\">Lu\u010diana Klobas Dobrovi\u0107<br \/>\nHead of Budget, Finance and Informations Systems Directorate<br \/>\nPhone: +385 (1) 4568 044<br \/>\nFax: +385 (1) 4567 953<br \/>\nStan\u010di\u0107eva 4<br \/>\n10 000 Zagreb<br \/>\nEmail: <a href=\"mailto:upravazaproracunifinancije@morh.hr\">upravazaproracunifinancije@morh.hr<\/a><\/p>\n<ul>\n<li>\n<h3>General Secretariat<\/h3>\n<\/li>\n<\/ul>\n<p style=\"padding-left: 40px;\">Petar Bara\u0107<br \/>\nPhone: +385 (1) 4567 611<br \/>\nFax: +385 (1) 4567 021<br \/>\nTrg kralja Petra Kre\u0161imira IV 1<br \/>\n10 000 Zagreb<br \/>\nEmail: <a href=\"mailto:tajnistvo@morh.hr\">tajnistvo@morh.hr<\/a><\/p>\n<ul>\n<li>\n<h3>Independent Protocol Department<\/h3>\n<\/li>\n<\/ul>\n<p style=\"padding-left: 40px;\">Nata\u0161a Pej\u010di\u0107 \u0160u\u0161kovi\u0107<br \/>\nPhone: +385 (1) 4567 628<br \/>\nFax: +385 (1) 4567 052<br \/>\nTrg kralja Petra Kre\u0161imira IV 1<br \/>\n10 000 Zagreb<br \/>\n<a href=\"mailto:protokol@morh.hr\">protokol@morh.hr<\/a><\/p>\n<ul>\n<li>\n<h3>Independent Sector for Housing Affairs<\/h3>\n<\/li>\n<\/ul>\n<p style=\"padding-left: 40px;\">Ante Modri\u0107<br \/>\nPhone: +385 (1) 4568 827<br \/>\nFax: +385 (1) 4568 784<br \/>\nZvonimirova 12<br \/>\n10 000 Zagreb<br \/>\nEmail: <a href=\"mailto:stambena@morh.hr\">stambena@morh.hr<\/a><\/p>\n<ul>\n<li>\n<h3>Independent Sector for Public Procurement<\/h3>\n<\/li>\n<\/ul>\n<p style=\"padding-left: 40px;\">Spomenka Le\u0161njakovi\u0107<br \/>\nPhone: +385 (1) 4568 019<br \/>\nFax: +385 (1) 4568 322<br \/>\nZvonimirova 12<br \/>\n10 000 Zagreb<br \/>\nEmail: <a href=\"mailto:sspjn@morh.hr\">sspjn@morh.hr<\/a><\/p>\n<ul>\n<li>\n<h3>Defence Inspectorate<\/h3>\n<\/li>\n<\/ul>\n<p style=\"padding-left: 40px;\">Lieutenant General Drago Matanovi\u0107<br \/>\nPhone: +385 (1) 3784 109<br \/>\nFax: +385 (1) 3784 754<br \/>\nIlica 256b<br \/>\n10 000 Zagreb<br \/>\nEmail: <a href=\"mailto:inspektorat@morh.hr\">inspektorat@morh.hr<\/a><\/p>\n<ul>\n<li>\n<h3>Independent Sector for Military Police Affairs<\/h3>\n<\/li>\n<\/ul>\n<p style=\"padding-left: 40px;\">Phone: +385 (1) 6631 528<br \/>\nFax: +385 (1) 6631 540<br \/>\nSarajevska 7<br \/>\n10 000 Zagreb<br \/>\nEmail: <a href=\"mailto:vojna.policija@morh.hr\">vojna.policija@morh.hr<\/a><\/p>\n<ul>\n<li>\n<h3>Independent Department for supporting Military Ordinary in Croatia<\/h3>\n<\/li>\n<\/ul>\n<p style=\"padding-left: 40px;\">Phone: +385 (1) 4670 659<br \/>\nFax: +385 (1) 4670 662<br \/>\nKsaverska cesta 12<br \/>\n10 000 Zagreb<br \/>\nEmail: <a href=\"mailto:vojni.ordinarijat@morh.hr\">vojni.ordinarijat@morh.hr<\/a><\/p>\n<ul>\n<li>\n<h3>Croatian Soldier<\/h3>\n<\/li>\n<\/ul>\n<p style=\"padding-left: 40px;\">Croatian military professional magazine<br \/>\nPhone: +385 (1) 3784 243, +385 (1) 3784 939<br \/>\nFax: +385 (1) 3784 322<br \/>\nEmail: <a href=\"mailto:hrvojnik@morh.hr\">hrvojnik@morh.hr<\/a><br \/>\nwww: <a href=\"http:\/\/www.hrvatski-vojnik.hr\">http:\/\/www.hrvatski-vojnik.hr<\/a><\/p>\n<p><iframe loading=\"lazy\" src=\"https:\/\/www.google.com\/maps\/d\/embed?mid=1Tkq9Rok1Udf3Pgps3O7kG0W2wRQ\" width=\"810\" height=\"480\"><\/iframe><\/p>\n","protected":false},"excerpt":{"rendered":"<p>Ministry of Defence Headquarters Trg kralja Petra Kre\u0161imira IV br. 1 10 000 Zagreb Phone: +385 (1) 4567 111 Fax: +385 (1) 4613 310 Email address for official correspondence with state administration bodies and electronic official correspondence: pisarnica@morh.hr Enquiries from citizens: gradjani@morh.hr, phone: +385 (1) 4568 008 or via the contact form Media enquiries: press@morh.hr, [&hellip;]<\/p>\n","protected":false},"author":1,"featured_media":0,"parent":44781,"menu_order":0,"comment_status":"closed","ping_status":"closed","template":"","meta":{"_acf_changed":false,"_monsterinsights_skip_tracking":false,"_monsterinsights_sitenote_active":false,"_monsterinsights_sitenote_note":"","_monsterinsights_sitenote_category":0,"footnotes":""},"class_list":["post-44802","page","type-page","status-publish","hentry"],"acf":[],"yoast_head":"<!-- This site is optimized with the Yoast SEO plugin v26.9 - https:\/\/yoast.com\/product\/yoast-seo-wordpress\/ -->\n<title>Addresses and Contacts - MORH<\/title>\n<meta name=\"description\" content=\"Ministry of Defence Headquarters Trg kralja Petra Kre\u0161imira IV br. 1 10 000 Zagreb Phone: +385 (1) 4567 111 Fax: +385 (1) 4613 310 Email address for\" \/>\n<meta name=\"robots\" content=\"index, follow, max-snippet:-1, max-image-preview:large, max-video-preview:-1\" \/>\n<link rel=\"canonical\" href=\"https:\/\/www.morh.hr\/en\/about-us\/addresses-and-contacts\/\" \/>\n<meta property=\"og:locale\" content=\"en_US\" \/>\n<meta property=\"og:type\" content=\"article\" \/>\n<meta property=\"og:title\" content=\"Addresses and Contacts - MORH\" \/>\n<meta property=\"og:description\" content=\"Ministry of Defence Headquarters Trg kralja Petra Kre\u0161imira IV br. 1 10 000 Zagreb Phone: +385 (1) 4567 111 Fax: +385 (1) 4613 310 Email address for\" \/>\n<meta property=\"og:url\" content=\"https:\/\/www.morh.hr\/en\/about-us\/addresses-and-contacts\/\" \/>\n<meta property=\"og:site_name\" content=\"MORH\" \/>\n<meta property=\"article:publisher\" content=\"https:\/\/www.facebook.com\/sportasiuhrvatskojvojsci\/\" \/>\n<meta property=\"article:modified_time\" content=\"2025-04-03T13:14:44+00:00\" \/>\n<meta name=\"twitter:card\" content=\"summary_large_image\" \/>\n<meta name=\"twitter:site\" content=\"@morh_osrh\" \/>\n<meta name=\"twitter:label1\" content=\"Est. reading time\" \/>\n\t<meta name=\"twitter:data1\" content=\"3 minutes\" \/>\n<script type=\"application\/ld+json\" class=\"yoast-schema-graph\">{\"@context\":\"https:\/\/schema.org\",\"@graph\":[{\"@type\":\"WebPage\",\"@id\":\"https:\/\/www.morh.hr\/en\/about-us\/addresses-and-contacts\/\",\"url\":\"https:\/\/www.morh.hr\/en\/about-us\/addresses-and-contacts\/\",\"name\":\"Addresses and Contacts - MORH\",\"isPartOf\":{\"@id\":\"https:\/\/www.morh.hr\/en\/#website\"},\"datePublished\":\"2025-04-02T06:22:52+00:00\",\"dateModified\":\"2025-04-03T13:14:44+00:00\",\"description\":\"Ministry of Defence Headquarters Trg kralja Petra Kre\u0161imira IV br. 1 10 000 Zagreb Phone: +385 (1) 4567 111 Fax: +385 (1) 4613 310 Email address for\",\"breadcrumb\":{\"@id\":\"https:\/\/www.morh.hr\/en\/about-us\/addresses-and-contacts\/#breadcrumb\"},\"inLanguage\":\"en-US\",\"potentialAction\":[{\"@type\":\"ReadAction\",\"target\":[\"https:\/\/www.morh.hr\/en\/about-us\/addresses-and-contacts\/\"]}]},{\"@type\":\"BreadcrumbList\",\"@id\":\"https:\/\/www.morh.hr\/en\/about-us\/addresses-and-contacts\/#breadcrumb\",\"itemListElement\":[{\"@type\":\"ListItem\",\"position\":1,\"name\":\"Naslovnica\",\"item\":\"https:\/\/www.morh.hr\/en\/\"},{\"@type\":\"ListItem\",\"position\":2,\"name\":\"About us\",\"item\":\"https:\/\/www.morh.hr\/en\/about-us\/\"},{\"@type\":\"ListItem\",\"position\":3,\"name\":\"Addresses and Contacts\"}]},{\"@type\":\"WebSite\",\"@id\":\"https:\/\/www.morh.hr\/en\/#website\",\"url\":\"https:\/\/www.morh.hr\/en\/\",\"name\":\"MORH\",\"description\":\"Ministarstvo obrane Republike Hrvatske - slu\u017ebene stranice\",\"potentialAction\":[{\"@type\":\"SearchAction\",\"target\":{\"@type\":\"EntryPoint\",\"urlTemplate\":\"https:\/\/www.morh.hr\/en\/?s={search_term_string}\"},\"query-input\":{\"@type\":\"PropertyValueSpecification\",\"valueRequired\":true,\"valueName\":\"search_term_string\"}}],\"inLanguage\":\"en-US\"}]}<\/script>\n<!-- \/ Yoast SEO plugin. -->","yoast_head_json":{"title":"Addresses and Contacts - MORH","description":"Ministry of Defence Headquarters Trg kralja Petra Kre\u0161imira IV br. 1 10 000 Zagreb Phone: +385 (1) 4567 111 Fax: +385 (1) 4613 310 Email address for","robots":{"index":"index","follow":"follow","max-snippet":"max-snippet:-1","max-image-preview":"max-image-preview:large","max-video-preview":"max-video-preview:-1"},"canonical":"https:\/\/www.morh.hr\/en\/about-us\/addresses-and-contacts\/","og_locale":"en_US","og_type":"article","og_title":"Addresses and Contacts - MORH","og_description":"Ministry of Defence Headquarters Trg kralja Petra Kre\u0161imira IV br. 1 10 000 Zagreb Phone: +385 (1) 4567 111 Fax: +385 (1) 4613 310 Email address for","og_url":"https:\/\/www.morh.hr\/en\/about-us\/addresses-and-contacts\/","og_site_name":"MORH","article_publisher":"https:\/\/www.facebook.com\/sportasiuhrvatskojvojsci\/","article_modified_time":"2025-04-03T13:14:44+00:00","twitter_card":"summary_large_image","twitter_site":"@morh_osrh","twitter_misc":{"Est. reading time":"3 minutes"},"schema":{"@context":"https:\/\/schema.org","@graph":[{"@type":"WebPage","@id":"https:\/\/www.morh.hr\/en\/about-us\/addresses-and-contacts\/","url":"https:\/\/www.morh.hr\/en\/about-us\/addresses-and-contacts\/","name":"Addresses and Contacts - MORH","isPartOf":{"@id":"https:\/\/www.morh.hr\/en\/#website"},"datePublished":"2025-04-02T06:22:52+00:00","dateModified":"2025-04-03T13:14:44+00:00","description":"Ministry of Defence Headquarters Trg kralja Petra Kre\u0161imira IV br. 1 10 000 Zagreb Phone: +385 (1) 4567 111 Fax: +385 (1) 4613 310 Email address for","breadcrumb":{"@id":"https:\/\/www.morh.hr\/en\/about-us\/addresses-and-contacts\/#breadcrumb"},"inLanguage":"en-US","potentialAction":[{"@type":"ReadAction","target":["https:\/\/www.morh.hr\/en\/about-us\/addresses-and-contacts\/"]}]},{"@type":"BreadcrumbList","@id":"https:\/\/www.morh.hr\/en\/about-us\/addresses-and-contacts\/#breadcrumb","itemListElement":[{"@type":"ListItem","position":1,"name":"Naslovnica","item":"https:\/\/www.morh.hr\/en\/"},{"@type":"ListItem","position":2,"name":"About us","item":"https:\/\/www.morh.hr\/en\/about-us\/"},{"@type":"ListItem","position":3,"name":"Addresses and Contacts"}]},{"@type":"WebSite","@id":"https:\/\/www.morh.hr\/en\/#website","url":"https:\/\/www.morh.hr\/en\/","name":"MORH","description":"Ministarstvo obrane Republike Hrvatske - slu\u017ebene stranice","potentialAction":[{"@type":"SearchAction","target":{"@type":"EntryPoint","urlTemplate":"https:\/\/www.morh.hr\/en\/?s={search_term_string}"},"query-input":{"@type":"PropertyValueSpecification","valueRequired":true,"valueName":"search_term_string"}}],"inLanguage":"en-US"}]}},"_links":{"self":[{"href":"https:\/\/www.morh.hr\/en\/wp-json\/wp\/v2\/pages\/44802","targetHints":{"allow":["GET"]}}],"collection":[{"href":"https:\/\/www.morh.hr\/en\/wp-json\/wp\/v2\/pages"}],"about":[{"href":"https:\/\/www.morh.hr\/en\/wp-json\/wp\/v2\/types\/page"}],"author":[{"embeddable":true,"href":"https:\/\/www.morh.hr\/en\/wp-json\/wp\/v2\/users\/1"}],"replies":[{"embeddable":true,"href":"https:\/\/www.morh.hr\/en\/wp-json\/wp\/v2\/comments?post=44802"}],"version-history":[{"count":0,"href":"https:\/\/www.morh.hr\/en\/wp-json\/wp\/v2\/pages\/44802\/revisions"}],"up":[{"embeddable":true,"href":"https:\/\/www.morh.hr\/en\/wp-json\/wp\/v2\/pages\/44781"}],"wp:attachment":[{"href":"https:\/\/www.morh.hr\/en\/wp-json\/wp\/v2\/media?parent=44802"}],"curies":[{"name":"wp","href":"https:\/\/api.w.org\/{rel}","templated":true}]}}